{"id":1030,"date":"2021-10-15T11:06:21","date_gmt":"2021-10-15T09:06:21","guid":{"rendered":"https:\/\/www.hoppe-eng.de\/cookies-policy\/"},"modified":"2021-10-15T11:06:21","modified_gmt":"2021-10-15T09:06:21","slug":"cookies-policy","status":"publish","type":"page","link":"https:\/\/www.hoppe-eng.de\/it\/cookies-policy\/","title":{"rendered":"Cookies policy"},"content":{"rendered":"<p><script\n\t\ttype=\"text\/javascript\"\n\t\tid=\"CookieDeclaration\"\n\t\tsrc=\"https:\/\/consent.cookiebot.com\/5c53ffe6-f0e2-4437-b4d6-94ad44d9120b\/cd.js\"\n\t\t\t\tasync><\/script>\n<br \/>\n&emsp;<\/p>\n<p>\n<strong>Informazioni sui cookie<\/strong><br \/>\nI siti web si avvalgono di tecniche utili e intelligenti per aumentare la semplicit\u00e0 di utilizzo e rendere i siti pi\u00f9 interessanti per ogni visitatore. Una delle tecniche pi\u00f9 conosciute prevede il ricorso ai cookie. I cookie possono essere utilizzati dai proprietari di siti web o da terze parti, ad esempio inserzionisti pubblicitari, che comunicano attraverso il sito web visitato.\n<\/p>\n<p>I cookie sono piccoli file di testo che il sito web memorizza nei computer degli utenti. Le informazioni contenute nei cookie possono essere utilizzate anche per tenere traccia dell&#8217;esplorazione effettuata in diversi siti web che si avvalgono dello stesso cookie.<\/p>\n<p>Riteniamo che sia essenziale fornire agli utenti informazioni sui cookie di cui il nostro sito web si avvale e sugli scopi per cui vengono utilizzati. L&#8217;obiettivo \u00e8 triplice: garantire la vostra privacy, assicurare la semplicit\u00e0 di utilizzo e ottimizzare lo sviluppo dei nostri siti web.<\/p>\n<p>I cookie sono classificati in base alla durata e al sito che li ha impostati.<\/p>\n<p>\n<strong>Cookie di sessione<\/strong><br \/>\nI cookie di sessione vengono archiviati temporaneamente nella memoria del computer durante l&#8217;esplorazione di un sito, ad esempio, per tenere traccia della lingua scelta. I cookie di sessione rimangono memorizzati nel computer per un breve periodo di tempo. Vengono infatti eliminati non appena l&#8217;utente chiude il browser Web.<\/p>\n<p><strong>Cookie permanenti o traccianti<\/strong><br \/>\nI cookie permanenti salvano un file sul computer per un lungo periodo di tempo. Questo tipo di cookie possiede una data di scadenza. I cookie permanenti consentono ai siti web di ricordare informazioni e impostazioni alle successive visite degli utenti, rendendo cos\u00ec l&#8217;esplorazione pi\u00f9 pratica e rapida, poich\u00e9, ad esempio, non \u00e8 pi\u00f9 necessario effettuare l&#8217;accesso.<br \/>Alla data di scadenza, il cookie viene automaticamente eliminato quando si effettua il primo accesso al sito Web che lo ha creato.<\/p>\n<p><strong>Cookie di prime parti<\/strong><br \/>\nQuesti cookie vengono impostati dai siti Web stessi (con dominio uguale a quello indicato nella barra degli indirizzi del browser) e possono essere letti solo da tali siti. Vengono comunemente utilizzati per archiviare informazioni quali le preferenze, da utilizzare alle successive visite al sito.<\/p>\n<p><strong>Cookie di terze parti<\/strong><br \/>\nQuesti cookie vengono impostati da domini diversi da quello indicato nella barra degli indirizzi del browser, ovvero da organizzazioni che non corrispondono ai proprietari dei siti web.<br \/>I cookie utilizzati, ad esempio, per raccogliere informazioni a fini pubblicitari e di personalizzazione dei contenuti, oltre che per elaborare statistiche web, possono essere &#8220;cookie di terze parti&#8221;.<br \/>I cookie di terze parti consentono di ottenere sondaggi pi\u00f9 completi delle abitudini di esplorazione degli utenti e si ritiene che siano pi\u00f9 sensibili dal punto di vista dell&#8217;integrit\u00e0. Per questo motivo, la maggior parte dei browser web permette di modificare le impostazioni in modo che tali cookie non vengano accettati.\n<\/p>\n<p>\n<strong>Come gestire e disattivare i cookies<\/strong><br \/>\nPer limitare, bloccare o eliminare i cookie basta intervenire sulle impostazioni del proprio web browser. La procedura varia leggermente rispetto al tipo di browser utilizzato. Per le istruzioni dettagliate, cliccare sul link del proprio browser.<\/p>\n<p><a href=\"http:\/\/support.microsoft.com\/kb\/196955\" target=\"_blank\" rel=\"noopener\">Internet Explorer<\/a><br \/>\n<a href=\"http:\/\/support.mozilla.org\/it\/kb\/Gestione%20dei%20cookie?redirectlocale=en-US&#038;redirectslug=Cookies\" target=\"_blank\" rel=\"noopener\">Firefox<\/a><br \/>\n<a href=\"https:\/\/support.google.com\/chrome\/answer\/95647?hl=it\" target=\"_blank\" rel=\"noopener\">Google Chrome<\/a><br \/>\n<a href=\"http:\/\/www.opera.com\/browser\/tutorials\/security\/privacy\/\" target=\"_blank\" rel=\"noopener\">Opera<\/a><br \/>\n<a href=\"http:\/\/support.apple.com\/kb\/PH5042\" target=\"_blank\" rel=\"noopener\">Safari<\/a><br \/>\n<a href=\"http:\/\/support.apple.com\/kb\/HT1677?viewlocale=it_IT\" target=\"_blank\" rel=\"noopener\">Safari iOS<\/a>\n<\/p>\n<p>Se il browser utilizzato non \u00e8 tra quelli proposti, selezionare la funzione &#8220;Aiuto&#8221; sul proprio browser web per informazioni su come procedere.<\/p>\n<p>Attenzione: \u00e8 possibile che disattivando i cookies l&#8217;utente non abbia pi\u00f9 accesso ad alcuni contenuti e non possa apprezzare appieno le funzionalit\u00e0 del nostro siti web.<\/p>\n<p>Utilizzando il sito senza rifiutare cookie e tecnologie simili online, gli utenti acconsentono al ricorso a tali tecnologie da parte nostra per la raccolta e l&#8217;elaborazione di informazioni.<\/p>\n","protected":false},"excerpt":{"rendered":"<p>&emsp; Informazioni sui cookie I siti web si avvalgono di tecniche utili e intelligenti per aumentare la semplicit\u00e0 di utilizzo e rendere i siti pi\u00f9 interessanti per ogni visitatore. Una delle tecniche pi\u00f9 conosciute prevede il ricorso ai cookie. I cookie possono essere utilizzati dai proprietari di siti web o da terze parti, ad esempio [&hellip;]<\/p>\n","protected":false},"author":1,"featured_media":0,"parent":0,"menu_order":99,"comment_status":"closed","ping_status":"closed","template":"","meta":[],"yoast_head":"<!-- This site is optimized with the Yoast SEO plugin v20.1 - https:\/\/yoast.com\/wordpress\/plugins\/seo\/ -->\n<title>Cookies policy | Hoppe<\/title>\n<meta name=\"robots\" content=\"index, follow, max-snippet:-1, max-image-preview:large, max-video-preview:-1\" \/>\n<link rel=\"canonical\" href=\"https:\/\/www.hoppe-eng.de\/it\/cookies-policy\/\" \/>\n<meta property=\"og:locale\" content=\"it_IT\" \/>\n<meta property=\"og:type\" content=\"article\" \/>\n<meta property=\"og:title\" content=\"Cookies policy | Hoppe\" \/>\n<meta property=\"og:description\" content=\"&emsp; Informazioni sui cookie I siti web si avvalgono di tecniche utili e intelligenti per aumentare la semplicit\u00e0 di utilizzo e rendere i siti pi\u00f9 interessanti per ogni visitatore. Una delle tecniche pi\u00f9 conosciute prevede il ricorso ai cookie. I cookie possono essere utilizzati dai proprietari di siti web o da terze parti, ad esempio [&hellip;]\" \/>\n<meta property=\"og:url\" content=\"https:\/\/www.hoppe-eng.de\/it\/cookies-policy\/\" \/>\n<meta property=\"og:site_name\" content=\"Hoppe\" \/>\n<meta name=\"twitter:card\" content=\"summary_large_image\" \/>\n<meta name=\"twitter:label1\" content=\"Tempo di lettura stimato\" \/>\n\t<meta name=\"twitter:data1\" content=\"3 minuti\" \/>\n<script type=\"application\/ld+json\" class=\"yoast-schema-graph\">{\"@context\":\"https:\/\/schema.org\",\"@graph\":[{\"@type\":\"WebPage\",\"@id\":\"https:\/\/www.hoppe-eng.de\/it\/cookies-policy\/\",\"url\":\"https:\/\/www.hoppe-eng.de\/it\/cookies-policy\/\",\"name\":\"Cookies policy | Hoppe\",\"isPartOf\":{\"@id\":\"https:\/\/www.hoppe-eng.de\/#website\"},\"datePublished\":\"2021-10-15T09:06:21+00:00\",\"dateModified\":\"2021-10-15T09:06:21+00:00\",\"breadcrumb\":{\"@id\":\"https:\/\/www.hoppe-eng.de\/it\/cookies-policy\/#breadcrumb\"},\"inLanguage\":\"it-IT\",\"potentialAction\":[{\"@type\":\"ReadAction\",\"target\":[\"https:\/\/www.hoppe-eng.de\/it\/cookies-policy\/\"]}]},{\"@type\":\"BreadcrumbList\",\"@id\":\"https:\/\/www.hoppe-eng.de\/it\/cookies-policy\/#breadcrumb\",\"itemListElement\":[{\"@type\":\"ListItem\",\"position\":1,\"name\":\"Home\",\"item\":\"https:\/\/www.hoppe-eng.de\/it\/\"},{\"@type\":\"ListItem\",\"position\":2,\"name\":\"Cookies policy\"}]},{\"@type\":\"WebSite\",\"@id\":\"https:\/\/www.hoppe-eng.de\/#website\",\"url\":\"https:\/\/www.hoppe-eng.de\/\",\"name\":\"Hoppe\",\"description\":\"\",\"publisher\":{\"@id\":\"https:\/\/www.hoppe-eng.de\/#organization\"},\"inLanguage\":\"it-IT\"},{\"@type\":\"Organization\",\"@id\":\"https:\/\/www.hoppe-eng.de\/#organization\",\"name\":\"Hoppe\",\"url\":\"https:\/\/www.hoppe-eng.de\/\",\"logo\":{\"@type\":\"ImageObject\",\"inLanguage\":\"it-IT\",\"@id\":\"https:\/\/www.hoppe-eng.de\/#\/schema\/logo\/image\/\",\"url\":\"https:\/\/www.hoppe-eng.de\/wp-content\/uploads\/2021\/10\/favicon.png\",\"contentUrl\":\"https:\/\/www.hoppe-eng.de\/wp-content\/uploads\/2021\/10\/favicon.png\",\"width\":512,\"height\":512,\"caption\":\"Hoppe\"},\"image\":{\"@id\":\"https:\/\/www.hoppe-eng.de\/#\/schema\/logo\/image\/\"}}]}<\/script>\n<!-- \/ Yoast SEO plugin. -->","yoast_head_json":{"title":"Cookies policy | Hoppe","robots":{"index":"index","follow":"follow","max-snippet":"max-snippet:-1","max-image-preview":"max-image-preview:large","max-video-preview":"max-video-preview:-1"},"canonical":"https:\/\/www.hoppe-eng.de\/it\/cookies-policy\/","og_locale":"it_IT","og_type":"article","og_title":"Cookies policy | Hoppe","og_description":"&emsp; Informazioni sui cookie I siti web si avvalgono di tecniche utili e intelligenti per aumentare la semplicit\u00e0 di utilizzo e rendere i siti pi\u00f9 interessanti per ogni visitatore. Una delle tecniche pi\u00f9 conosciute prevede il ricorso ai cookie. I cookie possono essere utilizzati dai proprietari di siti web o da terze parti, ad esempio [&hellip;]","og_url":"https:\/\/www.hoppe-eng.de\/it\/cookies-policy\/","og_site_name":"Hoppe","twitter_card":"summary_large_image","twitter_misc":{"Tempo di lettura stimato":"3 minuti"},"schema":{"@context":"https:\/\/schema.org","@graph":[{"@type":"WebPage","@id":"https:\/\/www.hoppe-eng.de\/it\/cookies-policy\/","url":"https:\/\/www.hoppe-eng.de\/it\/cookies-policy\/","name":"Cookies policy | Hoppe","isPartOf":{"@id":"https:\/\/www.hoppe-eng.de\/#website"},"datePublished":"2021-10-15T09:06:21+00:00","dateModified":"2021-10-15T09:06:21+00:00","breadcrumb":{"@id":"https:\/\/www.hoppe-eng.de\/it\/cookies-policy\/#breadcrumb"},"inLanguage":"it-IT","potentialAction":[{"@type":"ReadAction","target":["https:\/\/www.hoppe-eng.de\/it\/cookies-policy\/"]}]},{"@type":"BreadcrumbList","@id":"https:\/\/www.hoppe-eng.de\/it\/cookies-policy\/#breadcrumb","itemListElement":[{"@type":"ListItem","position":1,"name":"Home","item":"https:\/\/www.hoppe-eng.de\/it\/"},{"@type":"ListItem","position":2,"name":"Cookies policy"}]},{"@type":"WebSite","@id":"https:\/\/www.hoppe-eng.de\/#website","url":"https:\/\/www.hoppe-eng.de\/","name":"Hoppe","description":"","publisher":{"@id":"https:\/\/www.hoppe-eng.de\/#organization"},"inLanguage":"it-IT"},{"@type":"Organization","@id":"https:\/\/www.hoppe-eng.de\/#organization","name":"Hoppe","url":"https:\/\/www.hoppe-eng.de\/","logo":{"@type":"ImageObject","inLanguage":"it-IT","@id":"https:\/\/www.hoppe-eng.de\/#\/schema\/logo\/image\/","url":"https:\/\/www.hoppe-eng.de\/wp-content\/uploads\/2021\/10\/favicon.png","contentUrl":"https:\/\/www.hoppe-eng.de\/wp-content\/uploads\/2021\/10\/favicon.png","width":512,"height":512,"caption":"Hoppe"},"image":{"@id":"https:\/\/www.hoppe-eng.de\/#\/schema\/logo\/image\/"}}]}},"_links":{"self":[{"href":"https:\/\/www.hoppe-eng.de\/it\/wp-json\/wp\/v2\/pages\/1030"}],"collection":[{"href":"https:\/\/www.hoppe-eng.de\/it\/wp-json\/wp\/v2\/pages"}],"about":[{"href":"https:\/\/www.hoppe-eng.de\/it\/wp-json\/wp\/v2\/types\/page"}],"author":[{"embeddable":true,"href":"https:\/\/www.hoppe-eng.de\/it\/wp-json\/wp\/v2\/users\/1"}],"replies":[{"embeddable":true,"href":"https:\/\/www.hoppe-eng.de\/it\/wp-json\/wp\/v2\/comments?post=1030"}],"version-history":[{"count":0,"href":"https:\/\/www.hoppe-eng.de\/it\/wp-json\/wp\/v2\/pages\/1030\/revisions"}],"wp:attachment":[{"href":"https:\/\/www.hoppe-eng.de\/it\/wp-json\/wp\/v2\/media?parent=1030"}],"curies":[{"name":"wp","href":"https:\/\/api.w.org\/{rel}","templated":true}]}}