{"id":1031,"date":"2021-10-04T16:22:42","date_gmt":"2021-10-04T14:22:42","guid":{"rendered":"https:\/\/www.hoppe-eng.de\/privacy-policy\/"},"modified":"2022-01-13T02:58:28","modified_gmt":"2022-01-13T01:58:28","slug":"privacy-policy","status":"publish","type":"page","link":"https:\/\/www.hoppe-eng.de\/it\/privacy-policy\/","title":{"rendered":"Privacy policy"},"content":{"rendered":"<p><strong>Privacy Policy di www.hoppe-eng.de<\/strong><\/p>\n<div class=\"iub_header\">\n<p>Questo sito web raccoglie alcuni Dati Personali dei propri Utenti.<\/p>\n<p><strong>Titolare del Trattamento dei Dati:<\/strong><br \/>\nHOPPE HOLDING SRL UNIPERSONALE<br \/>\nVia Isaac Newton, 1<br \/>\n30020 Noventa di Piave (VE)<br \/>\nITALY<br \/>\nContatto e-mail del Titolare: info@hoppe-eng.de<\/p>\n<p>La presente Privacy Policy ha lo scopo di descrivere le modalit\u00e0 di gestione di questo sito, in riferimento al trattamento dei dati personali degli utenti\/visitatori che lo consultano. Si tratta di un\u2019informativa che \u00e8 resa ai sensi del Regolamento UE 216\/67 a coloro che si collegano al sito web aziendale di Hoppe e usufruiscono dei relativi servizi web a partire dall\u2019indirizzo www.hoppe-eng.de. L\u2019informativa \u00e8 resa soltanto per i siti sopra menzionati e non anche per altri siti web eventualmente consultati dall\u2019utente tramite appositi link.<\/p>\n<p>Il sito www.hoppe-eng.de \u00e8 di propriet\u00e0 di Hoppe, che garantisce il rispetto della normativa in materia di protezione dei dati personali (Regolamento UE 216\/67).<br \/>\nGli utenti\/visitatori dovranno leggere attentamente la presente Privacy Policy prima di inoltrare qualsiasi tipo di informazione personale e\/o compilare qualunque modulo elettronico presente sul sito stesso.<\/p>\n<p><strong>Tipologie di Dati raccolti<\/strong><br \/>\nFra i Dati Personali raccolti da questo sito web, in modo autonomo o tramite terze parti, ci sono: Cookie; Dati di utilizzo; posizione geografica; email; nome; cognome; numero di telefono.<\/p>\n<p>Dettagli completi su ciascuna tipologia di dati raccolti sono forniti nelle sezioni dedicate di questa privacy policy o mediante specifici testi informativi visualizzati prima della raccolta dei dati stessi.<br \/>\nI Dati Personali possono essere liberamente forniti dall&#8217;Utente o, nel caso di Dati di Utilizzo, raccolti automaticamente durante l&#8217;uso di questo sito web.<br \/>\nSe non diversamente specificato, tutti i Dati richiesti da questo sito web sono obbligatori. Se l\u2019Utente rifiuta di comunicarli, potrebbe essere impossibile per questo sito web fornire il Servizio. Nei casi in cui questo sito web indichi alcuni Dati come facoltativi, gli Utenti sono liberi di astenersi dal comunicare tali Dati, senza che ci\u00f2 abbia alcuna conseguenza sulla disponibilit\u00e0 del Servizio o sulla sua operativit\u00e0.<br \/>\nGli Utenti che dovessero avere dubbi su quali Dati siano obbligatori, sono invitati a contattare il Titolare.<br \/>\nL\u2019utilizzo di Cookie &#8211; o di altri strumenti di tracciamento &#8211; da parte di questo sito web o dei titolari dei servizi terzi utilizzati da questo sito, ove non diversamente precisato, ha la finalit\u00e0 di fornire il Servizio richiesto dall&#8217;Utente, oltre alle ulteriori finalit\u00e0 descritte nel presente documento e nella <a href=\"https:\/\/www.hoppe-eng.de\/it\/cookies-policy\/\">Cookie Policy<\/a>.<\/p>\n<p>L&#8217;Utente si assume la responsabilit\u00e0 dei Dati Personali di terzi ottenuti, pubblicati o condivisi mediante questo sito web e garantisce di avere il diritto di comunicarli o diffonderli, liberando il Titolare da qualsiasi responsabilit\u00e0 verso terzi.<\/p>\n<p><strong>Modalit\u00e0 e luogo del trattamento dei Dati raccolti<\/strong><br \/>\nModalit\u00e0 di trattamento<br \/>\nIl Titolare adotta le opportune misure di sicurezza volte ad impedire l\u2019accesso, la divulgazione, la modifica o la distruzione non autorizzate dei Dati Personali.<br \/>\nIl trattamento viene effettuato mediante strumenti informatici e\/o telematici, con modalit\u00e0 organizzative e con logiche strettamente correlate alle finalit\u00e0 indicate. Oltre al Titolare, in alcuni casi, potrebbero avere accesso ai Dati altri soggetti coinvolti nell\u2019organizzazione di questo sito web (personale amministrativo, commerciale, marketing, legali, amministratori di sistema) ovvero soggetti esterni (come fornitori di servizi tecnici terzi, societ\u00e0 informatiche, agenzie di comunicazione) nominati anche, se necessario, Responsabili del Trattamento da parte del Titolare. L\u2019elenco aggiornato dei Responsabili potr\u00e0 sempre essere richiesto al Titolare del Trattamento.<\/p>\n<p>Base giuridica del trattamento<br \/>\nIl Titolare tratta Dati Personali relativi all\u2019Utente in caso sussista una delle seguenti condizioni:<\/p>\n<ul>\n<li>l\u2019Utente ha prestato il consenso per una o pi\u00f9 finalit\u00e0 specifiche. Nota: in alcuni ordinamenti il Titolare pu\u00f2 essere autorizzato a trattare Dati Personali senza che debba sussistere il consenso dell\u2019Utente o un\u2019altra delle basi giuridiche specificate di seguito, fino a quando l\u2019Utente non si opponga (\u201copt-out\u201d) a tale trattamento. Ci\u00f2 non \u00e8 tuttavia applicabile qualora il trattamento di Dati Personali sia regolato dalla legislazione europea in materia di protezione dei Dati Personali;<\/li>\n<li>il trattamento \u00e8 necessario all&#8217;esecuzione di un contratto con l\u2019Utente e\/o all&#8217;esecuzione di misure precontrattuali;<\/li>\n<li>il trattamento \u00e8 necessario per adempiere un obbligo legale al quale \u00e8 soggetto il Titolare;<\/li>\n<li>il trattamento \u00e8 necessario per l&#8217;esecuzione di un compito di interesse pubblico o per l&#8217;esercizio di pubblici poteri di cui \u00e8 investito il Titolare;<\/li>\n<li>il trattamento \u00e8 necessario per il perseguimento del legittimo interesse del Titolare o di terzi.<\/li>\n<\/ul>\n<p>\u00c8 comunque sempre possibile richiedere al Titolare di chiarire la concreta base giuridica di ciascun trattamento ed in particolare di specificare se il trattamento sia basato sulla legge, previsto da un contratto o necessario per concludere un contratto.<\/p>\n<p>Luogo<br \/>\nI Dati sono trattati presso le sedi operative del Titolare ed in ogni altro luogo in cui le parti coinvolte nel trattamento siano localizzate. Per ulteriori informazioni, contatta il Titolare.<br \/>\nI Dati Personali dell\u2019Utente potrebbero essere trasferiti in un paese diverso da quello in cui l\u2019Utente si trova. Per ottenere ulteriori informazioni sul luogo del trattamento l\u2019Utente pu\u00f2 fare riferimento alla sezione relativa ai dettagli sul trattamento dei Dati Personali.<\/p>\n<p>L\u2019Utente ha diritto a ottenere informazioni in merito alla base giuridica del trasferimento di Dati al di fuori dell\u2019Unione Europea o ad un\u2019organizzazione internazionale di diritto internazionale pubblico o costituita da due o pi\u00f9 paesi, come ad esempio l\u2019ONU, nonch\u00e9 in merito alle misure di sicurezza adottate dal Titolare per proteggere i Dati.<\/p>\n<p>L\u2019Utente pu\u00f2 verificare se abbia luogo uno dei trasferimenti appena descritti esaminando la sezione di questo documento relativa ai dettagli sul trattamento di Dati Personali o chiedere informazioni al Titolare contattandolo agli estremi riportati in apertura.<\/p>\n<p>Periodo di conservazione<br \/>\nI Dati sono trattati e conservati per il tempo richiesto dalle finalit\u00e0 per le quali sono stati raccolti.<\/p>\n<p>Pertanto:<\/p>\n<ul>\n<li>I Dati Personali raccolti per scopi collegati all\u2019esecuzione di un contratto tra il Titolare e l\u2019Utente saranno trattenuti sino a quando sia completata l\u2019esecuzione di tale contratto.<\/li>\n<li>I Dati Personali raccolti per finalit\u00e0 riconducibili all\u2019interesse legittimo del Titolare saranno trattenuti sino al soddisfacimento di tale interesse. L\u2019Utente pu\u00f2 ottenere ulteriori informazioni in merito all\u2019interesse legittimo perseguito dal Titolare nelle relative sezioni di questo documento o contattando il Titolare.<br \/>\nQuando il trattamento \u00e8 basato sul consenso dell\u2019Utente, il Titolare pu\u00f2 conservare i Dati Personali pi\u00f9 a lungo sino a quando detto consenso non venga revocato. Inoltre, il Titolare potrebbe essere obbligato a conservare i Dati Personali per un periodo pi\u00f9 lungo in ottemperanza ad un obbligo di legge o per ordine di un\u2019autorit\u00e0.<\/li>\n<\/ul>\n<p>Al termine del periodo di conservazione i Dati Personali saranno cancellati. Pertanto, allo spirare di tale termine il diritto di accesso, cancellazione, rettificazione ed il diritto alla portabilit\u00e0 dei Dati non potranno pi\u00f9 essere esercitati.<\/p>\n<p><strong>Finalit\u00e0 del Trattamento dei Dati raccolti<\/strong><br \/>\nI Dati dell\u2019Utente sono raccolti per consentire al Titolare di fornire il Servizio, adempiere agli obblighi di legge, rispondere a richieste o azioni esecutive, tutelare i propri diritti ed interessi (o quelli di Utenti o di terze parti), individuare eventuali attivit\u00e0 dolose o fraudolente, nonch\u00e9 per le seguenti finalit\u00e0: Statistica, Visualizzazione di contenuti da piattaforme esterne, Remarketing e behavioral targeting, Interazioni basate sulla posizione, Interazione con social network e piattaforme esterne, Interazione con le piattaforme di live chat, Gestione indirizzi e invio di messaggi email, Contattare l&#8217;Utente e Gestione dei tag.<\/p>\n<p>Per ottenere informazioni dettagliate sulle finalit\u00e0 del trattamento e sui Dati Personali trattati per ciascuna finalit\u00e0, l\u2019Utente pu\u00f2 fare riferimento alla sezione \u201cDettagli sul trattamento dei Dati Personali\u201d.<\/p>\n<p><strong>Dettagli sul trattamento dei Dati Personali<\/strong><br \/>\nI Dati Personali sono raccolti per le seguenti finalit\u00e0 ed utilizzando i seguenti servizi:<\/p>\n<p>Contattare l&#8217;Utente e Gestione dei contatti e invio di messaggi<br \/>\nModulo di contatto (questo sito web tramite Gravity Forms)<br \/>\nL&#8217;Utente, compilando con i propri Dati il \u200b\u200bform di contatto, autorizza questo sito web a utilizzare tali dati per rispondere alle richieste di informazioni, di preventivo o di qualunque altra natura indicata dall&#8217;intestazione del form.<br \/>\nDati Personali trattati: ragione sociale; indirizzo email; nome ; cognome; numero di telefono.<br \/>\nQuesto tipo di servizi consente di gestire un database di contatti email, contatti telefonici o contatti di qualunque altro tipo, utilizzati per comunicare con l\u2019Utente.<\/p>\n<p>Visualizzazione di contenuti da piattaforme esterne<br \/>\nQuesto tipo di servizi permette di visualizzare contenuti ospitati su piattaforme esterne direttamente dalle pagine di questo sito web e di interagire con essi.<br \/>\nNel caso in cui sia installato un servizio di questo tipo, \u00e8 possibile che, anche nel caso gli Utenti non utilizzino il servizio, lo stesso raccolga dati di traffico relativi alle pagine in cui \u00e8 installato.<\/p>\n<p>Google Fonts (Google)<br \/>\nGoogle Fonts \u00e8 un servizio di visualizzazione di stili di carattere gestito da Google LLC oppure da Google Ireland Limited, a seconda della posizione in cui questo sito web viene utilizzato, che permette a questo sito di integrare tali contenuti all\u2019interno delle proprie pagine.<br \/>\nDati Personali trattati: Dati di utilizzo; varie tipologie di Dati secondo quanto specificato dalla privacy policy del servizio.<br \/>\nLuogo del trattamento: USA \u2013 <a href=\"https:\/\/policies.google.com\/privacy?hl=policies&amp;gl=it\" target=\"_blank\" rel=\"noopener\">Privacy Policy<\/a>.<\/p>\n<p>Widget Google Maps (Google)<br \/>\nGoogle Maps \u00e8 un servizio di visualizzazione di mappe gestito da Google Inc. che permette a questa Applicazione di integrare tali contenuti all\u2019interno delle proprie pagine.<br \/>\nDati Personali trattati: Cookie; Dati di utilizzo.<br \/>\nLuogo del trattamento: USA \u2013 <a href=\"https:\/\/policies.google.com\/privacy?hl=policies&amp;gl=it\" target=\"_blank\" rel=\"noopener\">Privacy Policy<\/a>.<\/p>\n<p>Widget Video YouTube (Google Inc.)<br \/>\nYouTube \u00e8 un servizio di visualizzazione di contenuti video gestito da Google Inc. che permette a questa Applicazione di integrare tali contenuti all\u2019interno delle proprie pagine.<br \/>\nDati Personali trattati: Cookie; Dati di utilizzo.<br \/>\nLuogo del trattamento: USA \u2013 <a href=\"https:\/\/policies.google.com\/privacy?hl=policies&amp;gl=it\" target=\"_blank\" rel=\"noopener\">Privacy Policy<\/a>.<\/p>\n<p>Statistica<br \/>\nI servizi contenuti nella presente sezione permettono al Titolare del Trattamento di monitorare e analizzare i dati di traffico e servono a tener traccia del comportamento dell\u2019Utente.<\/p>\n<p>Google Analytics (Google Inc.)<br \/>\nGoogle Analytics \u00e8 un servizio di analisi web fornito da Google Inc. (\u201cGoogle\u201d). Google utilizza i Dati Personali raccolti allo scopo di tracciare ed esaminare l\u2019utilizzo di questa Applicazione, compilare report e condividerli con gli altri servizi sviluppati da Google.<br \/>\nGoogle potrebbe utilizzare i Dati Personali per contestualizzare e personalizzare gli annunci del proprio network pubblicitario.<br \/>\nDati Personali trattati: Cookie; Dati di utilizzo.<br \/>\nLuogo del trattamento: USA \u2013 <a href=\"https:\/\/policies.google.com\/privacy?hl=policies&amp;gl=it\" target=\"_blank\" rel=\"noopener\">Privacy Policy<\/a> \u2013 <a href=\"https:\/\/tools.google.com\/dlpage\/gaoptout?hl=it\" target=\"_blank\" rel=\"noopener\">Opt Out<\/a>.<\/p>\n<p><strong>Diritti dell\u2019Utente<\/strong><br \/>\nGli Utenti possono esercitare determinati diritti in riferimento ai Dati trattati dal Titolare.<\/p>\n<p>In particolare, l\u2019Utente ha il diritto di:<\/p>\n<ul>\n<li>revocare il consenso in ogni momento. L\u2019Utente pu\u00f2 revocare il consenso al trattamento dei propri Dati Personali precedentemente espresso.<\/li>\n<li>opporsi al trattamento dei propri Dati. L\u2019Utente pu\u00f2 opporsi al trattamento dei propri Dati quando esso avviene su una base giuridica diversa dal consenso. Ulteriori dettagli sul diritto di opposizione sono indicati nella sezione sottostante.<\/li>\n<li>accedere ai propri Dati. L\u2019Utente ha diritto ad ottenere informazioni sui Dati trattati dal Titolare, su determinati aspetti del trattamento ed a ricevere una copia dei Dati trattati.<\/li>\n<li>verificare e chiedere la rettificazione. L\u2019Utente pu\u00f2 verificare la correttezza dei propri Dati e richiederne l\u2019aggiornamento o la correzione.<\/li>\n<li>ottenere la limitazione del trattamento. Quando ricorrono determinate condizioni, l\u2019Utente pu\u00f2 richiedere la limitazione del trattamento dei propri Dati. In tal caso il Titolare non tratter\u00e0 i Dati per alcun altro scopo se non la loro conservazione.<\/li>\n<li>ottenere la cancellazione o rimozione dei propri Dati Personali. Quando ricorrono determinate condizioni, l\u2019Utente pu\u00f2 richiedere la cancellazione dei propri Dati da parte del Titolare.<\/li>\n<li>ricevere i propri Dati o farli trasferire ad altro titolare. L\u2019Utente ha diritto di ricevere i propri Dati in formato strutturato, di uso comune e leggibile da dispositivo automatico e, ove tecnicamente fattibile, di ottenerne il trasferimento senza ostacoli ad un altro titolare. Questa disposizione \u00e8 applicabile quando i Dati sono trattati con strumenti automatizzati ed il trattamento \u00e8 basato sul consenso dell\u2019Utente, su un contratto di cui l\u2019Utente \u00e8 parte o su misure contrattuali ad esso connesse.<\/li>\n<li>proporre reclamo. L\u2019Utente pu\u00f2 proporre un reclamo all\u2019autorit\u00e0 di controllo della protezione dei dati personali competente o agire in sede giudiziale.<\/li>\n<\/ul>\n<p><strong>Come esercitare i diritti<\/strong><br \/>\nPer esercitare i diritti dell\u2019Utente, gli Utenti devono indirizzare una richiesta agli estremi di contatto del Titolare indicati in questo documento.<\/p>\n<\/div>\n","protected":false},"excerpt":{"rendered":"<p>Privacy Policy di www.hoppe-eng.de Questo sito web raccoglie alcuni Dati Personali dei propri Utenti. Titolare del Trattamento dei Dati: HOPPE HOLDING SRL UNIPERSONALE Via Isaac Newton, 1 30020 Noventa di Piave (VE) ITALY Contatto e-mail del Titolare: info@hoppe-eng.de La presente Privacy Policy ha lo scopo di descrivere le modalit\u00e0 di gestione di questo sito, in [&hellip;]<\/p>\n","protected":false},"author":1,"featured_media":0,"parent":0,"menu_order":99,"comment_status":"closed","ping_status":"closed","template":"","meta":[],"yoast_head":"<!-- This site is optimized with the Yoast SEO plugin v20.1 - https:\/\/yoast.com\/wordpress\/plugins\/seo\/ -->\n<title>Privacy policy | Hoppe<\/title>\n<meta name=\"robots\" content=\"index, follow, max-snippet:-1, max-image-preview:large, max-video-preview:-1\" \/>\n<link rel=\"canonical\" href=\"https:\/\/www.hoppe-eng.de\/it\/privacy-policy\/\" \/>\n<meta property=\"og:locale\" content=\"it_IT\" \/>\n<meta property=\"og:type\" content=\"article\" \/>\n<meta property=\"og:title\" content=\"Privacy policy | Hoppe\" \/>\n<meta property=\"og:description\" content=\"Privacy Policy di www.hoppe-eng.de Questo sito web raccoglie alcuni Dati Personali dei propri Utenti. Titolare del Trattamento dei Dati: HOPPE HOLDING SRL UNIPERSONALE Via Isaac Newton, 1 30020 Noventa di Piave (VE) ITALY Contatto e-mail del Titolare: info@hoppe-eng.de La presente Privacy Policy ha lo scopo di descrivere le modalit\u00e0 di gestione di questo sito, in [&hellip;]\" \/>\n<meta property=\"og:url\" content=\"https:\/\/www.hoppe-eng.de\/it\/privacy-policy\/\" \/>\n<meta property=\"og:site_name\" content=\"Hoppe\" \/>\n<meta property=\"article:modified_time\" content=\"2022-01-13T01:58:28+00:00\" \/>\n<meta name=\"twitter:card\" content=\"summary_large_image\" \/>\n<meta name=\"twitter:label1\" content=\"Tempo di lettura stimato\" \/>\n\t<meta name=\"twitter:data1\" content=\"8 minuti\" \/>\n<script type=\"application\/ld+json\" class=\"yoast-schema-graph\">{\"@context\":\"https:\/\/schema.org\",\"@graph\":[{\"@type\":\"WebPage\",\"@id\":\"https:\/\/www.hoppe-eng.de\/it\/privacy-policy\/\",\"url\":\"https:\/\/www.hoppe-eng.de\/it\/privacy-policy\/\",\"name\":\"Privacy policy | Hoppe\",\"isPartOf\":{\"@id\":\"https:\/\/www.hoppe-eng.de\/#website\"},\"datePublished\":\"2021-10-04T14:22:42+00:00\",\"dateModified\":\"2022-01-13T01:58:28+00:00\",\"breadcrumb\":{\"@id\":\"https:\/\/www.hoppe-eng.de\/it\/privacy-policy\/#breadcrumb\"},\"inLanguage\":\"it-IT\",\"potentialAction\":[{\"@type\":\"ReadAction\",\"target\":[\"https:\/\/www.hoppe-eng.de\/it\/privacy-policy\/\"]}]},{\"@type\":\"BreadcrumbList\",\"@id\":\"https:\/\/www.hoppe-eng.de\/it\/privacy-policy\/#breadcrumb\",\"itemListElement\":[{\"@type\":\"ListItem\",\"position\":1,\"name\":\"Home\",\"item\":\"https:\/\/www.hoppe-eng.de\/it\/\"},{\"@type\":\"ListItem\",\"position\":2,\"name\":\"Privacy policy\"}]},{\"@type\":\"WebSite\",\"@id\":\"https:\/\/www.hoppe-eng.de\/#website\",\"url\":\"https:\/\/www.hoppe-eng.de\/\",\"name\":\"Hoppe\",\"description\":\"\",\"publisher\":{\"@id\":\"https:\/\/www.hoppe-eng.de\/#organization\"},\"inLanguage\":\"it-IT\"},{\"@type\":\"Organization\",\"@id\":\"https:\/\/www.hoppe-eng.de\/#organization\",\"name\":\"Hoppe\",\"url\":\"https:\/\/www.hoppe-eng.de\/\",\"logo\":{\"@type\":\"ImageObject\",\"inLanguage\":\"it-IT\",\"@id\":\"https:\/\/www.hoppe-eng.de\/#\/schema\/logo\/image\/\",\"url\":\"https:\/\/www.hoppe-eng.de\/wp-content\/uploads\/2021\/10\/favicon.png\",\"contentUrl\":\"https:\/\/www.hoppe-eng.de\/wp-content\/uploads\/2021\/10\/favicon.png\",\"width\":512,\"height\":512,\"caption\":\"Hoppe\"},\"image\":{\"@id\":\"https:\/\/www.hoppe-eng.de\/#\/schema\/logo\/image\/\"}}]}<\/script>\n<!-- \/ Yoast SEO plugin. -->","yoast_head_json":{"title":"Privacy policy | Hoppe","robots":{"index":"index","follow":"follow","max-snippet":"max-snippet:-1","max-image-preview":"max-image-preview:large","max-video-preview":"max-video-preview:-1"},"canonical":"https:\/\/www.hoppe-eng.de\/it\/privacy-policy\/","og_locale":"it_IT","og_type":"article","og_title":"Privacy policy | Hoppe","og_description":"Privacy Policy di www.hoppe-eng.de Questo sito web raccoglie alcuni Dati Personali dei propri Utenti. Titolare del Trattamento dei Dati: HOPPE HOLDING SRL UNIPERSONALE Via Isaac Newton, 1 30020 Noventa di Piave (VE) ITALY Contatto e-mail del Titolare: info@hoppe-eng.de La presente Privacy Policy ha lo scopo di descrivere le modalit\u00e0 di gestione di questo sito, in [&hellip;]","og_url":"https:\/\/www.hoppe-eng.de\/it\/privacy-policy\/","og_site_name":"Hoppe","article_modified_time":"2022-01-13T01:58:28+00:00","twitter_card":"summary_large_image","twitter_misc":{"Tempo di lettura stimato":"8 minuti"},"schema":{"@context":"https:\/\/schema.org","@graph":[{"@type":"WebPage","@id":"https:\/\/www.hoppe-eng.de\/it\/privacy-policy\/","url":"https:\/\/www.hoppe-eng.de\/it\/privacy-policy\/","name":"Privacy policy | Hoppe","isPartOf":{"@id":"https:\/\/www.hoppe-eng.de\/#website"},"datePublished":"2021-10-04T14:22:42+00:00","dateModified":"2022-01-13T01:58:28+00:00","breadcrumb":{"@id":"https:\/\/www.hoppe-eng.de\/it\/privacy-policy\/#breadcrumb"},"inLanguage":"it-IT","potentialAction":[{"@type":"ReadAction","target":["https:\/\/www.hoppe-eng.de\/it\/privacy-policy\/"]}]},{"@type":"BreadcrumbList","@id":"https:\/\/www.hoppe-eng.de\/it\/privacy-policy\/#breadcrumb","itemListElement":[{"@type":"ListItem","position":1,"name":"Home","item":"https:\/\/www.hoppe-eng.de\/it\/"},{"@type":"ListItem","position":2,"name":"Privacy policy"}]},{"@type":"WebSite","@id":"https:\/\/www.hoppe-eng.de\/#website","url":"https:\/\/www.hoppe-eng.de\/","name":"Hoppe","description":"","publisher":{"@id":"https:\/\/www.hoppe-eng.de\/#organization"},"inLanguage":"it-IT"},{"@type":"Organization","@id":"https:\/\/www.hoppe-eng.de\/#organization","name":"Hoppe","url":"https:\/\/www.hoppe-eng.de\/","logo":{"@type":"ImageObject","inLanguage":"it-IT","@id":"https:\/\/www.hoppe-eng.de\/#\/schema\/logo\/image\/","url":"https:\/\/www.hoppe-eng.de\/wp-content\/uploads\/2021\/10\/favicon.png","contentUrl":"https:\/\/www.hoppe-eng.de\/wp-content\/uploads\/2021\/10\/favicon.png","width":512,"height":512,"caption":"Hoppe"},"image":{"@id":"https:\/\/www.hoppe-eng.de\/#\/schema\/logo\/image\/"}}]}},"_links":{"self":[{"href":"https:\/\/www.hoppe-eng.de\/it\/wp-json\/wp\/v2\/pages\/1031"}],"collection":[{"href":"https:\/\/www.hoppe-eng.de\/it\/wp-json\/wp\/v2\/pages"}],"about":[{"href":"https:\/\/www.hoppe-eng.de\/it\/wp-json\/wp\/v2\/types\/page"}],"author":[{"embeddable":true,"href":"https:\/\/www.hoppe-eng.de\/it\/wp-json\/wp\/v2\/users\/1"}],"replies":[{"embeddable":true,"href":"https:\/\/www.hoppe-eng.de\/it\/wp-json\/wp\/v2\/comments?post=1031"}],"version-history":[{"count":8,"href":"https:\/\/www.hoppe-eng.de\/it\/wp-json\/wp\/v2\/pages\/1031\/revisions"}],"predecessor-version":[{"id":1102,"href":"https:\/\/www.hoppe-eng.de\/it\/wp-json\/wp\/v2\/pages\/1031\/revisions\/1102"}],"wp:attachment":[{"href":"https:\/\/www.hoppe-eng.de\/it\/wp-json\/wp\/v2\/media?parent=1031"}],"curies":[{"name":"wp","href":"https:\/\/api.w.org\/{rel}","templated":true}]}}